{"id":16,"date":"2026-04-14T12:08:25","date_gmt":"2026-04-14T15:08:25","guid":{"rendered":"http:\/\/versusinter.com.br\/galeria\/"},"modified":"2026-05-05T18:50:06","modified_gmt":"2026-05-05T21:50:06","slug":"galeria","status":"publish","type":"page","link":"https:\/\/versusinter.com.br\/es\/galeria\/","title":{"rendered":"Galeria"},"content":{"rendered":"<div class=\"wp-block-group alignfull is-style-ext-preset--group--natural-1--section has-background-background-color has-background has-global-padding is-layout-constrained wp-container-core-group-is-layout-f72f1611 wp-block-group-is-layout-constrained\" id=\"galeria\" style=\"margin-top:0;margin-bottom:0;padding-top:var(--wp--preset--spacing--70);padding-bottom:var(--wp--preset--spacing--70)\">\n<div class=\"wp-block-group alignwide ext-is-logical-start has-global-padding is-content-justification-left is-layout-constrained wp-container-core-group-is-layout-6729bdbe wp-block-group-is-layout-constrained\">\n<h2 class=\"wp-block-heading ext-animate--on\">Qualidade reconhecida mundialmente<\/h2>\n\n\n\n<p class=\"has-text-align-left ext-animate--on\">Explore nossa galeria exclusiva que revela a qualidade e estilo incompar\u00e1veis dos nossos produtos.<\/p>\n<\/div>\n\n\n\n<div class=\"wp-block-columns alignwide are-vertically-aligned-top is-layout-flex wp-container-core-columns-is-layout-87beb0d0 wp-block-columns-is-layout-flex\">\n<div class=\"wp-block-column is-vertically-aligned-top ext-animate--on is-layout-flow wp-container-core-column-is-layout-f5bb311e wp-block-column-is-layout-flow\">\n<figure class=\"wp-block-image size-full is-style-ext-preset--image--natural-1--image-1--content-top is-style-ext-preset--image--natural-1--image-1--content-top--2\"><img decoding=\"async\" src=\"http:\/\/versusinter.com.br\/wp-content\/uploads\/2026\/05\/Exemplo1-4.jpg\" alt=\"\" class=\"wp-image-161\" style=\"aspect-ratio:1;object-fit:cover\"\/><\/figure>\n\n\n\n<figure class=\"wp-block-image size-full is-style-ext-preset--image--natural-1--image-1--content-top is-style-ext-preset--image--natural-1--image-1--content-top--3\"><img decoding=\"async\" src=\"http:\/\/versusinter.com.br\/wp-content\/uploads\/2026\/05\/Exemplo1-11.jpg\" alt=\"\" class=\"wp-image-176\" style=\"aspect-ratio:1;object-fit:cover\"\/><\/figure>\n\n\n\n<figure class=\"wp-block-image size-full is-style-ext-preset--image--natural-1--image-1--content-top is-style-ext-preset--image--natural-1--image-1--content-top--4\"><img decoding=\"async\" src=\"http:\/\/versusinter.com.br\/wp-content\/uploads\/2026\/05\/Exemplo1-10.jpg\" alt=\"\" class=\"wp-image-174\" style=\"aspect-ratio:1;object-fit:cover\"\/><\/figure>\n<\/div>\n\n\n\n<div class=\"wp-block-column is-vertically-aligned-top ext-animate--on is-layout-flow wp-container-core-column-is-layout-f5bb311e wp-block-column-is-layout-flow\">\n<figure class=\"wp-block-image size-large is-style-ext-preset--image--natural-1--image-1--content-top is-style-ext-preset--image--natural-1--image-1--content-top--5\"><img fetchpriority=\"high\" decoding=\"async\" width=\"576\" height=\"1024\" src=\"http:\/\/versusinter.com.br\/wp-content\/uploads\/2026\/04\/DFABE155-1A46-4594-936F-E60886A7A327-576x1024.jpg\" alt=\"\" class=\"wp-image-115\" style=\"aspect-ratio:1;object-fit:cover\" srcset=\"https:\/\/versusinter.com.br\/wp-content\/uploads\/2026\/04\/DFABE155-1A46-4594-936F-E60886A7A327-576x1024.jpg 576w, https:\/\/versusinter.com.br\/wp-content\/uploads\/2026\/04\/DFABE155-1A46-4594-936F-E60886A7A327-169x300.jpg 169w, https:\/\/versusinter.com.br\/wp-content\/uploads\/2026\/04\/DFABE155-1A46-4594-936F-E60886A7A327-768x1365.jpg 768w, https:\/\/versusinter.com.br\/wp-content\/uploads\/2026\/04\/DFABE155-1A46-4594-936F-E60886A7A327-864x1536.jpg 864w, https:\/\/versusinter.com.br\/wp-content\/uploads\/2026\/04\/DFABE155-1A46-4594-936F-E60886A7A327-1152x2048.jpg 1152w, https:\/\/versusinter.com.br\/wp-content\/uploads\/2026\/04\/DFABE155-1A46-4594-936F-E60886A7A327-7x12.jpg 7w, https:\/\/versusinter.com.br\/wp-content\/uploads\/2026\/04\/DFABE155-1A46-4594-936F-E60886A7A327.jpg 1179w\" sizes=\"(max-width: 576px) 100vw, 576px\" \/><\/figure>\n\n\n\n<figure class=\"wp-block-image size-full is-style-ext-preset--image--natural-1--image-1--content-top is-style-ext-preset--image--natural-1--image-1--content-top--6\"><img decoding=\"async\" src=\"http:\/\/versusinter.com.br\/wp-content\/uploads\/2026\/05\/Exemplo1-6.jpg\" alt=\"\" class=\"wp-image-167\" style=\"aspect-ratio:1;object-fit:cover\"\/><\/figure>\n\n\n\n<figure class=\"wp-block-image size-full is-style-ext-preset--image--natural-1--image-1--content-top is-style-ext-preset--image--natural-1--image-1--content-top--7\"><img decoding=\"async\" src=\"http:\/\/versusinter.com.br\/wp-content\/uploads\/2026\/05\/Exemplo1-12.jpg\" alt=\"\" class=\"wp-image-177\" style=\"aspect-ratio:1;object-fit:cover\"\/><\/figure>\n<\/div>\n\n\n\n<div class=\"wp-block-column is-vertically-aligned-top ext-animate--on is-layout-flow wp-container-core-column-is-layout-f5bb311e wp-block-column-is-layout-flow\">\n<figure class=\"wp-block-image size-large is-style-ext-preset--image--natural-1--image-1--content-top is-style-ext-preset--image--natural-1--image-1--content-top--8\"><img decoding=\"async\" width=\"576\" height=\"1024\" src=\"http:\/\/versusinter.com.br\/wp-content\/uploads\/2026\/04\/3FB2AC93-2C0D-410E-9B02-DFACF01810E4-576x1024.jpg\" alt=\"\" class=\"wp-image-109\" style=\"aspect-ratio:1;object-fit:cover\" srcset=\"https:\/\/versusinter.com.br\/wp-content\/uploads\/2026\/04\/3FB2AC93-2C0D-410E-9B02-DFACF01810E4-576x1024.jpg 576w, https:\/\/versusinter.com.br\/wp-content\/uploads\/2026\/04\/3FB2AC93-2C0D-410E-9B02-DFACF01810E4-169x300.jpg 169w, https:\/\/versusinter.com.br\/wp-content\/uploads\/2026\/04\/3FB2AC93-2C0D-410E-9B02-DFACF01810E4-768x1365.jpg 768w, https:\/\/versusinter.com.br\/wp-content\/uploads\/2026\/04\/3FB2AC93-2C0D-410E-9B02-DFACF01810E4-864x1536.jpg 864w, https:\/\/versusinter.com.br\/wp-content\/uploads\/2026\/04\/3FB2AC93-2C0D-410E-9B02-DFACF01810E4-1152x2048.jpg 1152w, https:\/\/versusinter.com.br\/wp-content\/uploads\/2026\/04\/3FB2AC93-2C0D-410E-9B02-DFACF01810E4-7x12.jpg 7w, https:\/\/versusinter.com.br\/wp-content\/uploads\/2026\/04\/3FB2AC93-2C0D-410E-9B02-DFACF01810E4.jpg 1179w\" sizes=\"(max-width: 576px) 100vw, 576px\" \/><\/figure>\n\n\n\n<figure class=\"wp-block-image size-large is-style-ext-preset--image--natural-1--image-1--content-top is-style-ext-preset--image--natural-1--image-1--content-top--9\"><img decoding=\"async\" width=\"576\" height=\"1024\" src=\"http:\/\/versusinter.com.br\/wp-content\/uploads\/2026\/04\/9F31AFE2-C919-413D-9434-5CAD95D9F5FE-576x1024.jpg\" alt=\"\" class=\"wp-image-110\" style=\"aspect-ratio:1;object-fit:cover\" srcset=\"https:\/\/versusinter.com.br\/wp-content\/uploads\/2026\/04\/9F31AFE2-C919-413D-9434-5CAD95D9F5FE-576x1024.jpg 576w, https:\/\/versusinter.com.br\/wp-content\/uploads\/2026\/04\/9F31AFE2-C919-413D-9434-5CAD95D9F5FE-169x300.jpg 169w, https:\/\/versusinter.com.br\/wp-content\/uploads\/2026\/04\/9F31AFE2-C919-413D-9434-5CAD95D9F5FE-768x1365.jpg 768w, https:\/\/versusinter.com.br\/wp-content\/uploads\/2026\/04\/9F31AFE2-C919-413D-9434-5CAD95D9F5FE-864x1536.jpg 864w, https:\/\/versusinter.com.br\/wp-content\/uploads\/2026\/04\/9F31AFE2-C919-413D-9434-5CAD95D9F5FE-1152x2048.jpg 1152w, https:\/\/versusinter.com.br\/wp-content\/uploads\/2026\/04\/9F31AFE2-C919-413D-9434-5CAD95D9F5FE-7x12.jpg 7w, https:\/\/versusinter.com.br\/wp-content\/uploads\/2026\/04\/9F31AFE2-C919-413D-9434-5CAD95D9F5FE.jpg 1179w\" sizes=\"(max-width: 576px) 100vw, 576px\" \/><\/figure>\n\n\n\n<figure class=\"wp-block-image size-full is-style-ext-preset--image--natural-1--image-1--content-top is-style-ext-preset--image--natural-1--image-1--content-top--10\"><img decoding=\"async\" src=\"http:\/\/versusinter.com.br\/wp-content\/uploads\/2026\/05\/Exemplo1-9.jpg\" alt=\"\" class=\"wp-image-172\" style=\"aspect-ratio:1;object-fit:cover\"\/><\/figure>\n<\/div>\n\n\n\n<div class=\"wp-block-column is-vertically-aligned-top ext-animate--on is-layout-flow wp-container-core-column-is-layout-f5bb311e wp-block-column-is-layout-flow\">\n<figure class=\"wp-block-image size-full is-style-ext-preset--image--natural-1--image-1--content-top is-style-ext-preset--image--natural-1--image-1--content-top--11\"><img decoding=\"async\" src=\"http:\/\/versusinter.com.br\/wp-content\/uploads\/2026\/05\/Exemplo1-13.jpg\" alt=\"\" class=\"wp-image-180\" style=\"aspect-ratio:1;object-fit:cover\"\/><\/figure>\n\n\n\n<figure class=\"wp-block-image size-full is-style-ext-preset--image--natural-1--image-1--content-top is-style-ext-preset--image--natural-1--image-1--content-top--12\"><img decoding=\"async\" src=\"http:\/\/versusinter.com.br\/wp-content\/uploads\/2026\/05\/Exemplo1-3.jpg\" alt=\"\" class=\"wp-image-159\" style=\"aspect-ratio:1;object-fit:cover\"\/><\/figure>\n\n\n\n<figure class=\"wp-block-image size-full is-style-ext-preset--image--natural-1--image-1--content-top is-style-ext-preset--image--natural-1--image-1--content-top--13\"><img decoding=\"async\" src=\"http:\/\/versusinter.com.br\/wp-content\/uploads\/2026\/05\/Exemplo1-7.jpg\" alt=\"\" class=\"wp-image-168\" style=\"aspect-ratio:1;object-fit:cover\"\/><\/figure>\n<\/div>\n<\/div>\n<\/div>\n\n\n\n<div class=\"wp-block-group alignfull is-style-ext-preset--group--natural-1--section has-background-background-color has-background has-global-padding is-layout-constrained wp-container-core-group-is-layout-f72f1611 wp-block-group-is-layout-constrained\" style=\"margin-top:0;margin-bottom:0;padding-top:var(--wp--preset--spacing--70);padding-bottom:var(--wp--preset--spacing--70)\">\n<div class=\"wp-block-group alignwide ext-is-logical-start has-global-padding is-content-justification-left is-layout-constrained wp-container-core-group-is-layout-6729bdbe wp-block-group-is-layout-constrained\">\n<h2 class=\"wp-block-heading ext-animate--on\">Solicite nosso cat\u00e1logo<\/h2>\n\n\n\n<p class=\"has-text-align-left ext-animate--on\">Entre em contato conosco para receber o cat\u00e1logo completo das marcas que oferecemos. Nossa equipe ter\u00e1 prazer em enviar todas as informa\u00e7\u00f5es e novidades para voc\u00ea.<\/p>\n<\/div>\n\n\n\n<div class=\"wp-block-columns alignwide are-vertically-aligned-top is-layout-flex wp-container-core-columns-is-layout-87beb0d0 wp-block-columns-is-layout-flex\">\n<div class=\"wp-block-column is-vertically-aligned-top ext-animate--on is-layout-flow wp-container-core-column-is-layout-f5bb311e wp-block-column-is-layout-flow\">\n<figure class=\"wp-block-image size-full is-style-ext-preset--image--natural-1--image-1--content-top is-style-ext-preset--image--natural-1--image-1--content-top--15\"><a href=\"http:\/\/versusinter.com.br\/es\/contato\/\"><img loading=\"lazy\" decoding=\"async\" width=\"1024\" height=\"1024\" src=\"http:\/\/versusinter.com.br\/wp-content\/uploads\/2026\/05\/ADRUN-1.png\" alt=\"\" class=\"wp-image-230\" style=\"aspect-ratio:1;object-fit:cover\" srcset=\"https:\/\/versusinter.com.br\/wp-content\/uploads\/2026\/05\/ADRUN-1.png 1024w, https:\/\/versusinter.com.br\/wp-content\/uploads\/2026\/05\/ADRUN-1-300x300.png 300w, https:\/\/versusinter.com.br\/wp-content\/uploads\/2026\/05\/ADRUN-1-150x150.png 150w, https:\/\/versusinter.com.br\/wp-content\/uploads\/2026\/05\/ADRUN-1-768x768.png 768w, https:\/\/versusinter.com.br\/wp-content\/uploads\/2026\/05\/ADRUN-1-12x12.png 12w\" sizes=\"(max-width: 1024px) 100vw, 1024px\" \/><\/a><figcaption class=\"wp-element-caption\"><strong>Running<\/strong><\/figcaption><\/figure>\n\n\n\n<figure class=\"wp-block-image size-full is-style-ext-preset--image--natural-1--image-1--content-top is-style-ext-preset--image--natural-1--image-1--content-top--16\"><a href=\"http:\/\/versusinter.com.br\/es\/contato\/\"><img decoding=\"async\" src=\"http:\/\/versusinter.com.br\/wp-content\/uploads\/2026\/05\/LEJON2.png\" alt=\"\" class=\"wp-image-236\" style=\"aspect-ratio:1;object-fit:cover\"\/><\/a><figcaption class=\"wp-element-caption\"><strong>Urban<\/strong><\/figcaption><\/figure>\n<\/div>\n\n\n\n<div class=\"wp-block-column is-vertically-aligned-top ext-animate--on is-layout-flow wp-container-core-column-is-layout-f5bb311e wp-block-column-is-layout-flow\">\n<figure class=\"wp-block-image size-full is-style-ext-preset--image--natural-1--image-1--content-top is-style-ext-preset--image--natural-1--image-1--content-top--17\"><a href=\"http:\/\/versusinter.com.br\/es\/contato\/\"><img decoding=\"async\" src=\"http:\/\/versusinter.com.br\/wp-content\/uploads\/2026\/05\/SAMOA-sem-FUNDO.png\" alt=\"\" class=\"wp-image-241\" style=\"aspect-ratio:1;object-fit:cover\"\/><\/a><figcaption class=\"wp-element-caption\"><strong>Beach flip flops<\/strong><\/figcaption><\/figure>\n\n\n\n<figure class=\"wp-block-image size-full is-style-ext-preset--image--natural-1--image-1--content-top is-style-ext-preset--image--natural-1--image-1--content-top--18\"><a href=\"http:\/\/versusinter.com.br\/es\/contato\/\"><img loading=\"lazy\" decoding=\"async\" width=\"1024\" height=\"1024\" src=\"http:\/\/versusinter.com.br\/wp-content\/uploads\/2026\/05\/DOUBLE-G2.png\" alt=\"\" class=\"wp-image-237\" style=\"aspect-ratio:1;object-fit:cover\" srcset=\"https:\/\/versusinter.com.br\/wp-content\/uploads\/2026\/05\/DOUBLE-G2.png 1024w, https:\/\/versusinter.com.br\/wp-content\/uploads\/2026\/05\/DOUBLE-G2-300x300.png 300w, https:\/\/versusinter.com.br\/wp-content\/uploads\/2026\/05\/DOUBLE-G2-150x150.png 150w, https:\/\/versusinter.com.br\/wp-content\/uploads\/2026\/05\/DOUBLE-G2-768x768.png 768w, https:\/\/versusinter.com.br\/wp-content\/uploads\/2026\/05\/DOUBLE-G2-12x12.png 12w\" sizes=\"(max-width: 1024px) 100vw, 1024px\" \/><\/a><figcaption class=\"wp-element-caption\"><strong>Street<\/strong><\/figcaption><\/figure>\n<\/div>\n\n\n\n<div class=\"wp-block-column is-vertically-aligned-top ext-animate--on is-layout-flow wp-container-core-column-is-layout-f5bb311e wp-block-column-is-layout-flow\">\n<figure class=\"wp-block-image size-full is-style-ext-preset--image--natural-1--image-1--content-top is-style-ext-preset--image--natural-1--image-1--content-top--19\"><a href=\"http:\/\/versusinter.com.br\/es\/contato\/\"><img loading=\"lazy\" decoding=\"async\" width=\"500\" height=\"500\" src=\"http:\/\/versusinter.com.br\/wp-content\/uploads\/2026\/05\/OXN2-2.png\" alt=\"\" class=\"wp-image-240\" style=\"aspect-ratio:1;object-fit:cover\" srcset=\"https:\/\/versusinter.com.br\/wp-content\/uploads\/2026\/05\/OXN2-2.png 500w, https:\/\/versusinter.com.br\/wp-content\/uploads\/2026\/05\/OXN2-2-300x300.png 300w, https:\/\/versusinter.com.br\/wp-content\/uploads\/2026\/05\/OXN2-2-150x150.png 150w, https:\/\/versusinter.com.br\/wp-content\/uploads\/2026\/05\/OXN2-2-12x12.png 12w\" sizes=\"(max-width: 500px) 100vw, 500px\" \/><\/a><figcaption class=\"wp-element-caption\"><strong>Soccer<\/strong><\/figcaption><\/figure>\n\n\n\n<figure class=\"wp-block-image size-full is-style-ext-preset--image--natural-1--image-1--content-top is-style-ext-preset--image--natural-1--image-1--content-top--20\"><a href=\"http:\/\/versusinter.com.br\/es\/contato\/\"><img loading=\"lazy\" decoding=\"async\" width=\"500\" height=\"500\" src=\"http:\/\/versusinter.com.br\/wp-content\/uploads\/2026\/05\/EVVA2-3.png\" alt=\"\" class=\"wp-image-239\" style=\"aspect-ratio:1;object-fit:cover\" srcset=\"https:\/\/versusinter.com.br\/wp-content\/uploads\/2026\/05\/EVVA2-3.png 500w, https:\/\/versusinter.com.br\/wp-content\/uploads\/2026\/05\/EVVA2-3-300x300.png 300w, https:\/\/versusinter.com.br\/wp-content\/uploads\/2026\/05\/EVVA2-3-150x150.png 150w, https:\/\/versusinter.com.br\/wp-content\/uploads\/2026\/05\/EVVA2-3-12x12.png 12w\" sizes=\"(max-width: 500px) 100vw, 500px\" \/><\/a><figcaption class=\"wp-element-caption\"><strong>Women flip flops<\/strong><\/figcaption><\/figure>\n\n\n<\/div>\n\n\n\n<div class=\"wp-block-column is-vertically-aligned-top ext-animate--on is-layout-flow wp-container-core-column-is-layout-f5bb311e wp-block-column-is-layout-flow\">\n<figure class=\"wp-block-image size-full is-style-ext-preset--image--natural-1--image-1--content-top is-style-ext-preset--image--natural-1--image-1--content-top--22\"><a href=\"http:\/\/versusinter.com.br\/es\/contato\/\"><img decoding=\"async\" src=\"http:\/\/versusinter.com.br\/wp-content\/uploads\/2026\/05\/TAMMY-3.png\" alt=\"\" class=\"wp-image-233\" style=\"aspect-ratio:1;object-fit:cover\"\/><\/a><figcaption class=\"wp-element-caption\"><strong>Women shoes<\/strong><\/figcaption><\/figure>\n\n\n<\/div>\n<\/div>\n<\/div>\n\n\n\n<div class=\"wp-block-group alignfull is-style-ext-preset--group--natural-1--section has-background-background-color has-background has-global-padding is-layout-constrained wp-container-core-group-is-layout-e955bbaf wp-block-group-is-layout-constrained\" style=\"margin-top:0;margin-bottom:0;padding-top:var(--wp--preset--spacing--70);padding-bottom:var(--wp--preset--spacing--70)\">\n<div class=\"wp-block-group alignwide ext-is-logical-start has-global-padding is-content-justification-left is-layout-constrained wp-container-core-group-is-layout-6729bdbe wp-block-group-is-layout-constrained\">\n<h2 class=\"wp-block-heading ext-animate--on\">Sourcing e solu\u00e7\u00f5es para as suas importa\u00e7\u00f5es.<\/h2>\n\n\n<\/div>\n\n\n\n<div class=\"wp-block-columns alignwide is-layout-flex wp-container-core-columns-is-layout-174606dc wp-block-columns-is-layout-flex\">\n<div class=\"wp-block-column is-vertically-aligned-stretch ext-animate--on is-layout-flow wp-container-core-column-is-layout-119bc444 wp-block-column-is-layout-flow\">\n<div class=\"wp-block-cover is-light is-style-ext-preset--image--natural-1--image-1--content-right is-style-ext-preset--image--natural-1--image-1--content-right--25\" style=\"padding-top:0;padding-bottom:0;min-height:100%;aspect-ratio:unset;\"><img loading=\"lazy\" decoding=\"async\" width=\"600\" height=\"400\" class=\"wp-block-cover__image-background wp-image-290 size-full\" alt=\"\" src=\"http:\/\/versusinter.com.br\/wp-content\/uploads\/2026\/05\/Sourcing-1.jpg\" data-object-fit=\"cover\" srcset=\"https:\/\/versusinter.com.br\/wp-content\/uploads\/2026\/05\/Sourcing-1.jpg 600w, https:\/\/versusinter.com.br\/wp-content\/uploads\/2026\/05\/Sourcing-1-300x200.jpg 300w, https:\/\/versusinter.com.br\/wp-content\/uploads\/2026\/05\/Sourcing-1-18x12.jpg 18w\" sizes=\"(max-width: 600px) 100vw, 600px\" \/><span aria-hidden=\"true\" class=\"wp-block-cover__background has-background-dim-0 has-background-dim\" style=\"background-color:#888079\"><\/span><div class=\"wp-block-cover__inner-container is-layout-flow wp-block-cover-is-layout-flow\">\n<div style=\"height:240px\" aria-hidden=\"true\" class=\"wp-block-spacer\"><\/div>\n<\/div><\/div>\n<\/div>\n\n\n\n<div class=\"wp-block-column is-vertically-aligned-center is-layout-flow wp-block-column-is-layout-flow\">\n<div class=\"wp-block-group is-style-ext-preset--group--natural-1--item-card-1--align-start ext-animate--on has-global-padding is-layout-constrained wp-block-group-is-layout-constrained is-style-ext-preset--group--natural-1--item-card-1--align-start--26\">\n<div class=\"wp-block-group is-style-default has-global-padding is-layout-constrained wp-block-group-is-layout-constrained\">\n<div class=\"wp-block-group is-nowrap is-layout-flex wp-container-core-group-is-layout-64fa2afa wp-block-group-is-layout-flex\" style=\"padding-top:0;padding-right:0;padding-bottom:0;padding-left:0\">\n<figure class=\"wp-block-image size-large ext-aspect-landscape wp-duotone-primary-foreground\"><img decoding=\"async\" src=\"data:image\/svg+xml;base64,PHN2ZyB4bWxucz0iaHR0cDovL3d3dy53My5vcmcvMjAwMC9zdmciIHdpZHRoPSI0OCIgaGVpZ2h0PSI0OCIgZmlsbD0iIzAwMDAwMCIgdmlld0JveD0iMCAwIDI1NiAyNTYiPjxwYXRoIGQ9Ik0xNzIsNzZhNDQsNDQsMCwxLDAtNDQsNDRBNDQuMDUsNDQuMDUsMCwwLDAsMTcyLDc2Wm0tNDQsMjhhMjgsMjgsMCwxLDEsMjgtMjhBMjgsMjgsMCwwLDEsMTI4LDEwNFptNjAsMjRhNDQsNDQsMCwxLDAsNDQsNDRBNDQuMDUsNDQuMDUsMCwwLDAsMTg4LDEyOFptMCw3MmEyOCwyOCwwLDEsMSwyOC0yOEEyOCwyOCwwLDAsMSwxODgsMjAwWk02OCwxMjhhNDQsNDQsMCwxLDAsNDQsNDRBNDQuMDUsNDQuMDUsMCwwLDAsNjgsMTI4Wm0wLDcyYTI4LDI4LDAsMSwxLDI4LTI4QTI4LDI4LDAsMCwxLDY4LDIwMFoiPjwvcGF0aD48L3N2Zz4=\" alt=\"\" style=\"object-fit:cover\"\/><\/figure>\n\n\n\n<div class=\"wp-block-group wp-container-content-958eb9dc has-global-padding is-layout-constrained wp-container-core-group-is-layout-c06d165c wp-block-group-is-layout-constrained\" style=\"padding-top:0;padding-right:0;padding-bottom:0;padding-left:0\">\n<h3 class=\"wp-block-heading\">Sourcing no Brasil<\/h3>\n\n\n\n<p>Buscamos fabricantes em todo o Brasil ampliar suas possibilidades de compra.<\/p>\n<\/div>\n<\/div>\n<\/div>\n<\/div>\n\n\n\n<div class=\"wp-block-group is-style-ext-preset--group--natural-1--item-card-1--align-start ext-animate--on has-global-padding is-layout-constrained wp-block-group-is-layout-constrained is-style-ext-preset--group--natural-1--item-card-1--align-start--27\">\n<div class=\"wp-block-group is-style-default has-global-padding is-layout-constrained wp-block-group-is-layout-constrained\">\n<div class=\"wp-block-group is-nowrap is-layout-flex wp-container-core-group-is-layout-64fa2afa wp-block-group-is-layout-flex\" style=\"padding-top:0;padding-right:0;padding-bottom:0;padding-left:0\">\n<figure class=\"wp-block-image size-large ext-aspect-landscape wp-duotone-primary-foreground\"><img decoding=\"async\" src=\"data:image\/svg+xml;base64,PHN2ZyB4bWxucz0iaHR0cDovL3d3dy53My5vcmcvMjAwMC9zdmciIHdpZHRoPSI0OCIgaGVpZ2h0PSI0OCIgZmlsbD0iIzAwMDAwMCIgdmlld0JveD0iMCAwIDI1NiAyNTYiPjxwYXRoIGQ9Ik04MCw0MGE0MCw0MCwwLDEsMCw0MCw0MEE0MCw0MCwwLDAsMCw4MCw0MFptMCw2NGEyNCwyNCwwLDEsMSwyNC0yNEEyNCwyNCwwLDAsMSw4MCwxMDRabTk2LDE2YTQwLDQwLDAsMSwwLTQwLTQwQTQwLDQwLDAsMCwwLDE3NiwxMjBabTAtNjRhMjQsMjQsMCwxLDEtMjQsMjRBMjQsMjQsMCwwLDEsMTc2LDU2Wk04MCwxMzZhNDAsNDAsMCwxLDAsNDAsNDBBNDAsNDAsMCwwLDAsODAsMTM2Wm0wLDY0YTI0LDI0LDAsMSwxLDI0LTI0QTI0LDI0LDAsMCwxLDgwLDIwMFptOTYtNjRhNDAsNDAsMCwxLDAsNDAsNDBBNDAsNDAsMCwwLDAsMTc2LDEzNlptMCw2NGEyNCwyNCwwLDEsMSwyNC0yNEEyNCwyNCwwLDAsMSwxNzYsMjAwWiI+PC9wYXRoPjwvc3ZnPg==\" alt=\"\" style=\"object-fit:cover\"\/><\/figure>\n\n\n\n<div class=\"wp-block-group wp-container-content-958eb9dc has-global-padding is-layout-constrained wp-container-core-group-is-layout-c06d165c wp-block-group-is-layout-constrained\" style=\"padding-top:0;padding-right:0;padding-bottom:0;padding-left:0\">\n<h3 class=\"wp-block-heading\">Sele\u00e7\u00e3o de Produtos Premium<\/h3>\n\n\n\n<p>Oferecemos uma curadoria rigorosa de cal\u00e7ados que atende \u00e0s demandas do mercado mundial, priorizando qualidade e tend\u00eancias atuais.<\/p>\n<\/div>\n<\/div>\n<\/div>\n<\/div>\n\n\n\n<div class=\"wp-block-group is-style-ext-preset--group--natural-1--item-card-1--align-start ext-animate--on has-global-padding is-layout-constrained wp-block-group-is-layout-constrained is-style-ext-preset--group--natural-1--item-card-1--align-start--28\">\n<div class=\"wp-block-group is-style-default has-global-padding is-layout-constrained wp-block-group-is-layout-constrained\">\n<div class=\"wp-block-group is-nowrap is-layout-flex wp-container-core-group-is-layout-64fa2afa wp-block-group-is-layout-flex\" style=\"padding-top:0;padding-right:0;padding-bottom:0;padding-left:0\">\n<figure class=\"wp-block-image size-large ext-aspect-landscape wp-duotone-primary-foreground\"><img decoding=\"async\" src=\"data:image\/svg+xml;base64,PHN2ZyB4bWxucz0iaHR0cDovL3d3dy53My5vcmcvMjAwMC9zdmciIHdpZHRoPSI0OCIgaGVpZ2h0PSI0OCIgZmlsbD0iIzAwMDAwMCIgdmlld0JveD0iMCAwIDI1NiAyNTYiPjxwYXRoIGQ9Ik04MCw0MGE0MCw0MCwwLDEsMCw0MCw0MEE0MCw0MCwwLDAsMCw4MCw0MFptMCw2NGEyNCwyNCwwLDEsMSwyNC0yNEEyNCwyNCwwLDAsMSw4MCwxMDRabTk2LDE2YTQwLDQwLDAsMSwwLTQwLTQwQTQwLDQwLDAsMCwwLDE3NiwxMjBabTAtNjRhMjQsMjQsMCwxLDEtMjQsMjRBMjQsMjQsMCwwLDEsMTc2LDU2Wk04MCwxMzZhNDAsNDAsMCwxLDAsNDAsNDBBNDAsNDAsMCwwLDAsODAsMTM2Wm0wLDY0YTI0LDI0LDAsMSwxLDI0LTI0QTI0LDI0LDAsMCwxLDgwLDIwMFptMTM2LTI0YTgsOCwwLDAsMS04LDhIMTg0djI0YTgsOCwwLDAsMS0xNiwwVjE4NEgxNDRhOCw4LDAsMCwxLDAtMTZoMjRWMTQ0YTgsOCwwLDAsMSwxNiwwdjI0aDI0QTgsOCwwLDAsMSwyMTYsMTc2WiI+PC9wYXRoPjwvc3ZnPg==\" alt=\"\" style=\"object-fit:cover\"\/><\/figure>\n\n\n\n<div class=\"wp-block-group wp-container-content-958eb9dc has-global-padding is-layout-constrained wp-container-core-group-is-layout-c06d165c wp-block-group-is-layout-constrained\" style=\"padding-top:0;padding-right:0;padding-bottom:0;padding-left:0\">\n<h3 class=\"wp-block-heading\">Atendimento Personalizado<\/h3>\n\n\n\n<p>Nossa equipe dedica aten\u00e7\u00e3o exclusiva para entender as necessidades de cada cliente, garantindo solu\u00e7\u00f5es sob medida para seu neg\u00f3cio.<\/p>\n<\/div>\n<\/div>\n<\/div>\n<\/div>\n\n\n\n<div class=\"wp-block-buttons ext-animate--on is-content-justification-center is-layout-flex wp-container-core-buttons-is-layout-a89b3969 wp-block-buttons-is-layout-flex\">\n<div class=\"wp-block-button has-custom-width wp-block-button__width-100 is-style-ext-preset--button--natural-1--button-1 is-style-ext-preset--button--natural-1--button-1--29\"><a class=\"wp-block-button__link wp-element-button\" href=\"http:\/\/versusinter.com.br\/es\/servicos\/\">Conhe\u00e7a Nossos Servi\u00e7os<\/a><\/div>\n<\/div>\n<\/div>\n<\/div>\n<\/div>","protected":false},"excerpt":{"rendered":"<p>Qualidade reconhecida mundialmente Explore nossa galeria exclusiva que revela a qualidade e estilo incompar\u00e1veis dos nossos produtos. Solicite nosso cat\u00e1logo Entre em contato conosco para receber o cat\u00e1logo completo das marcas que oferecemos. Nossa equipe ter\u00e1 prazer em enviar todas as informa\u00e7\u00f5es e novidades para voc\u00ea. Sourcing e solu\u00e7\u00f5es para as suas importa\u00e7\u00f5es. Sourcing no [&hellip;]<\/p>\n","protected":false},"author":1,"featured_media":0,"parent":0,"menu_order":0,"comment_status":"closed","ping_status":"closed","template":"page-with-title","meta":{"_monsterinsights_skip_tracking":false,"_monsterinsights_sitenote_active":false,"_monsterinsights_sitenote_note":"","_monsterinsights_sitenote_category":0,"footnotes":""},"class_list":["post-16","page","type-page","status-publish","hentry"],"_links":{"self":[{"href":"https:\/\/versusinter.com.br\/es\/wp-json\/wp\/v2\/pages\/16","targetHints":{"allow":["GET"]}}],"collection":[{"href":"https:\/\/versusinter.com.br\/es\/wp-json\/wp\/v2\/pages"}],"about":[{"href":"https:\/\/versusinter.com.br\/es\/wp-json\/wp\/v2\/types\/page"}],"author":[{"embeddable":true,"href":"https:\/\/versusinter.com.br\/es\/wp-json\/wp\/v2\/users\/1"}],"replies":[{"embeddable":true,"href":"https:\/\/versusinter.com.br\/es\/wp-json\/wp\/v2\/comments?post=16"}],"version-history":[{"count":26,"href":"https:\/\/versusinter.com.br\/es\/wp-json\/wp\/v2\/pages\/16\/revisions"}],"predecessor-version":[{"id":292,"href":"https:\/\/versusinter.com.br\/es\/wp-json\/wp\/v2\/pages\/16\/revisions\/292"}],"wp:attachment":[{"href":"https:\/\/versusinter.com.br\/es\/wp-json\/wp\/v2\/media?parent=16"}],"curies":[{"name":"wp","href":"https:\/\/api.w.org\/{rel}","templated":true}]}}