{"id":3,"date":"2026-04-14T11:53:22","date_gmt":"2026-04-14T14:53:22","guid":{"rendered":"http:\/\/versusinter.com.br\/?page_id=3"},"modified":"2026-05-05T22:08:27","modified_gmt":"2026-05-06T01:08:27","slug":"politica-de-privacidade","status":"publish","type":"page","link":"https:\/\/versusinter.com.br\/es\/politica-de-privacidade\/","title":{"rendered":"Pol\u00edtica de privacidade"},"content":{"rendered":"<h2 class=\"wp-block-heading\">Quem somos<\/h2>\n\n\n\n<p>Representamos a ind\u00fastria brasileira de cal\u00e7ados no mercado internacional, conectando fabricantes nacionais a compradores estrangeiros. Nosso compromisso \u00e9 levar qualidade, design e confian\u00e7a para neg\u00f3cios duradouros al\u00e9m das fronteiras.<\/p>\n\n\n\n\n\n\n\n\n\n\n\n\n\n<h2 class=\"wp-block-heading\">Cookies<\/h2>\n\n\n\n<p>Ao deixar um coment\u00e1rio no site, voc\u00ea poder\u00e1 optar por salvar seu nome, e-mail e site nos cookies. Isso visa seu conforto, assim voc\u00ea n\u00e3o precisar\u00e1 preencher seus dados novamente quando fizer outro coment\u00e1rio. Estes cookies duram um ano.<\/p>\n\n\n\n\n\n\n\n\n\n<h2 class=\"wp-block-heading\">M\u00eddia incorporada de outros sites<\/h2>\n\n\n\n<p>Artigos neste site podem incluir conte\u00fado incorporado como, por exemplo, v\u00eddeos, imagens, artigos, etc. Conte\u00fados incorporados de outros sites se comportam exatamente da mesma forma como se o visitante estivesse visitando o outro site.<\/p>\n\n\n\n<p>Estes sites podem coletar dados sobre voc\u00ea, usar cookies, incorporar rastreamento adicional de terceiros e monitorar sua intera\u00e7\u00e3o com este conte\u00fado incorporado, incluindo sua intera\u00e7\u00e3o com o conte\u00fado incorporado se voc\u00ea tem uma conta e est\u00e1 conectado com o site.<\/p>\n\n\n\n\n\n\n\n\n\n\n\n\n\n<h2 class=\"wp-block-heading\">Quais os seus direitos sobre seus dados<\/h2>\n\n\n\n<p>Voc\u00ea tem o direito de solicitar acesso, corre\u00e7\u00e3o ou exclus\u00e3o dos seus dados pessoais armazenados em nosso site. Tamb\u00e9m pode pedir a limita\u00e7\u00e3o do uso, a portabilidade das informa\u00e7\u00f5es e retirar seu consentimento a qualquer momento. Nosso compromisso \u00e9 garantir que seus direitos previstos pela legisla\u00e7\u00e3o de prote\u00e7\u00e3o de dados sejam respeitados com transpar\u00eancia e seguran\u00e7a.<\/p>\n\n\n\n<h2 class=\"wp-block-heading\">Para onde seus dados s\u00e3o enviados<\/h2>\n\n\n\n<p>As informa\u00e7\u00f5es coletadas em nosso site podem ser compartilhadas com provedores de hospedagem, servi\u00e7os de seguran\u00e7a e parceiros comerciais apenas para garantir o funcionamento adequado da plataforma e a realiza\u00e7\u00e3o das atividades contratadas. N\u00e3o enviamos seus dados a terceiros sem finalidade leg\u00edtima, e todo compartilhamento \u00e9 feito de forma segura e em conformidade com a legisla\u00e7\u00e3o aplic\u00e1vel.<\/p>","protected":false},"excerpt":{"rendered":"<p>Quem somos Representamos a ind\u00fastria brasileira de cal\u00e7ados no mercado internacional, conectando fabricantes nacionais a compradores estrangeiros. Nosso compromisso \u00e9 levar qualidade, design e confian\u00e7a para neg\u00f3cios duradouros al\u00e9m das fronteiras. Cookies Ao deixar um coment\u00e1rio no site, voc\u00ea poder\u00e1 optar por salvar seu nome, e-mail e site nos cookies. Isso visa seu conforto, assim [&hellip;]<\/p>\n","protected":false},"author":1,"featured_media":0,"parent":0,"menu_order":0,"comment_status":"closed","ping_status":"closed","template":"","meta":{"_monsterinsights_skip_tracking":false,"_monsterinsights_sitenote_active":false,"_monsterinsights_sitenote_note":"","_monsterinsights_sitenote_category":0,"footnotes":""},"class_list":["post-3","page","type-page","status-publish","hentry"],"_links":{"self":[{"href":"https:\/\/versusinter.com.br\/es\/wp-json\/wp\/v2\/pages\/3","targetHints":{"allow":["GET"]}}],"collection":[{"href":"https:\/\/versusinter.com.br\/es\/wp-json\/wp\/v2\/pages"}],"about":[{"href":"https:\/\/versusinter.com.br\/es\/wp-json\/wp\/v2\/types\/page"}],"author":[{"embeddable":true,"href":"https:\/\/versusinter.com.br\/es\/wp-json\/wp\/v2\/users\/1"}],"replies":[{"embeddable":true,"href":"https:\/\/versusinter.com.br\/es\/wp-json\/wp\/v2\/comments?post=3"}],"version-history":[{"count":1,"href":"https:\/\/versusinter.com.br\/es\/wp-json\/wp\/v2\/pages\/3\/revisions"}],"predecessor-version":[{"id":307,"href":"https:\/\/versusinter.com.br\/es\/wp-json\/wp\/v2\/pages\/3\/revisions\/307"}],"wp:attachment":[{"href":"https:\/\/versusinter.com.br\/es\/wp-json\/wp\/v2\/media?parent=3"}],"curies":[{"name":"wp","href":"https:\/\/api.w.org\/{rel}","templated":true}]}}